{"id":183,"date":"2025-06-27T11:25:26","date_gmt":"2025-06-27T11:25:26","guid":{"rendered":"https:\/\/paleturquoise-seahorse-905500.hostingersite.com\/?page_id=183"},"modified":"2025-11-11T07:00:54","modified_gmt":"2025-11-11T07:00:54","slug":"news","status":"publish","type":"page","link":"https:\/\/wpt.groupesynapse.ca\/fr\/news\/","title":{"rendered":"Blogue"},"content":{"rendered":"<div data-elementor-type=\"wp-page\" data-elementor-id=\"183\" class=\"elementor elementor-183\" data-elementor-post-type=\"page\">\n\t\t\t\t<div class=\"elementor-element elementor-element-986781f e-con-full e-flex e-con e-parent\" data-id=\"986781f\" data-element_type=\"container\" data-settings=\"{&quot;background_background&quot;:&quot;classic&quot;}\">\n\t\t<div class=\"elementor-element elementor-element-dbaa687 e-flex e-con-boxed e-con e-child\" data-id=\"dbaa687\" data-element_type=\"container\" data-settings=\"{&quot;background_background&quot;:&quot;classic&quot;}\">\n\t\t\t\t\t<div class=\"e-con-inner\">\n\t\t\t\t<div class=\"elementor-element elementor-element-0cf1bba elementor-widget__width-initial elementor-widget elementor-widget-heading\" data-id=\"0cf1bba\" data-element_type=\"widget\" data-widget_type=\"heading.default\">\n\t\t\t\t<div class=\"elementor-widget-container\">\n\t\t\t\t\t<h1 class=\"elementor-heading-title elementor-size-default\">Blogue<\/h1>\t\t\t\t<\/div>\n\t\t\t\t<\/div>\n\t\t\t\t\t<\/div>\n\t\t\t\t<\/div>\n\t\t\t\t<\/div>\n\t\t<div class=\"elementor-element elementor-element-2e0927f e-flex e-con-boxed e-con e-parent\" data-id=\"2e0927f\" data-element_type=\"container\">\n\t\t\t\t\t<div class=\"e-con-inner\">\n\t\t\t\t<div class=\"elementor-element elementor-element-d8bd8eb elementor-grid-3 elementor-grid-tablet-2 elementor-grid-mobile-1 elementor-widget elementor-widget-loop-grid\" data-id=\"d8bd8eb\" data-element_type=\"widget\" data-settings=\"{&quot;template_id&quot;:&quot;1756&quot;,&quot;_skin&quot;:&quot;post&quot;,&quot;columns&quot;:&quot;3&quot;,&quot;columns_tablet&quot;:&quot;2&quot;,&quot;columns_mobile&quot;:&quot;1&quot;,&quot;edit_handle_selector&quot;:&quot;[data-elementor-type=\\&quot;loop-item\\&quot;]&quot;,&quot;row_gap&quot;:{&quot;unit&quot;:&quot;px&quot;,&quot;size&quot;:&quot;&quot;,&quot;sizes&quot;:[]},&quot;row_gap_tablet&quot;:{&quot;unit&quot;:&quot;px&quot;,&quot;size&quot;:&quot;&quot;,&quot;sizes&quot;:[]},&quot;row_gap_mobile&quot;:{&quot;unit&quot;:&quot;px&quot;,&quot;size&quot;:&quot;&quot;,&quot;sizes&quot;:[]}}\" data-widget_type=\"loop-grid.post\">\n\t\t\t\t<div class=\"elementor-widget-container\">\n\t\t\t\t\t\t\t<div class=\"elementor-loop-container elementor-grid\" role=\"list\">\n\t\t<style id=\"loop-1756\">.elementor-1756 .elementor-element.elementor-element-63564a5{--display:flex;--flex-direction:column;--container-widget-width:100%;--container-widget-height:initial;--container-widget-flex-grow:0;--container-widget-align-self:initial;--flex-wrap-mobile:wrap;border-style:none;--border-style:none;--border-radius:15px 15px 15px 15px;--padding-top:0px;--padding-bottom:0px;--padding-left:0px;--padding-right:0px;}.elementor-1756 .elementor-element.elementor-element-63564a5:not(.elementor-motion-effects-element-type-background), .elementor-1756 .elementor-element.elementor-element-63564a5 > .elementor-motion-effects-container > .elementor-motion-effects-layer{background-color:#F5F5F5;}.elementor-1756 .elementor-element.elementor-element-74143e0 img{border-radius:15px 15px 15px 15px;}.elementor-1756 .elementor-element.elementor-element-3501044{--display:flex;}.elementor-1756 .elementor-element.elementor-element-b873f5f{width:var( --container-widget-width, 45% );max-width:45%;--container-widget-width:45%;--container-widget-flex-grow:0;text-align:center;}.elementor-1756 .elementor-element.elementor-element-b873f5f > .elementor-widget-container{padding:10px 22px 10px 22px;border-style:solid;border-width:2px 2px 2px 2px;border-color:#010101;border-radius:25px 25px 25px 25px;}.elementor-1756 .elementor-element.elementor-element-b873f5f .elementor-heading-title{font-family:\"Inter\", Sans-serif;font-size:14px;color:#010101;}.elementor-1756 .elementor-element.elementor-element-d785576 .elementor-heading-title{font-family:\"Inter\", Sans-serif;font-size:25px;text-decoration:none;-webkit-text-stroke-color:#000;stroke:#000;color:#010101;}.elementor-1756 .elementor-element.elementor-element-d10d648{--display:flex;--flex-direction:row;--container-widget-width:initial;--container-widget-height:100%;--container-widget-flex-grow:1;--container-widget-align-self:stretch;--flex-wrap-mobile:wrap;}.elementor-1756 .elementor-element.elementor-element-ea91282 .elementor-heading-title{font-family:\"Inter\", Sans-serif;font-size:14px;font-weight:500;color:#010101;}@media(max-width:767px){.elementor-1756 .elementor-element.elementor-element-63564a5{--margin-top:5px;--margin-bottom:5px;--margin-left:5px;--margin-right:5px;}}<\/style>\t\t<div data-elementor-type=\"loop-item\" data-elementor-id=\"1756\" class=\"elementor elementor-1756 e-loop-item e-loop-item-6914 post-6914 post type-post status-publish format-standard has-post-thumbnail hentry category-news\" data-elementor-post-type=\"elementor_library\" data-custom-edit-handle=\"1\">\n\t\t\t<div class=\"elementor-element elementor-element-63564a5 e-flex e-con-boxed e-con e-parent\" data-id=\"63564a5\" data-element_type=\"container\" data-settings=\"{&quot;background_background&quot;:&quot;classic&quot;}\">\n\t\t\t\t\t<div class=\"e-con-inner\">\n\t\t\t\t<div class=\"elementor-element elementor-element-74143e0 elementor-widget elementor-widget-image\" data-id=\"74143e0\" data-element_type=\"widget\" data-widget_type=\"image.default\">\n\t\t\t\t<div class=\"elementor-widget-container\">\n\t\t\t\t\t\t\t\t\t\t\t\t\t\t\t\t<a href=\"https:\/\/wpt.groupesynapse.ca\/fr\/groupe-synapse-celebrates-30-years-of-excellence-in-promotional-solutions-in-quebec\/\">\n\t\t\t\t\t\t\t<img fetchpriority=\"high\" decoding=\"async\" width=\"800\" height=\"295\" src=\"https:\/\/wpt.groupesynapse.ca\/wp-content\/uploads\/2025\/11\/UniversalUpscaler_96334b15-8949-47d5-b08a-1798adfc51ad-min-1024x377.jpg\" class=\"attachment-large size-large wp-image-6674\" alt=\"\" srcset=\"https:\/\/wpt.groupesynapse.ca\/wp-content\/uploads\/2025\/11\/UniversalUpscaler_96334b15-8949-47d5-b08a-1798adfc51ad-min-1024x377.jpg 1024w, https:\/\/wpt.groupesynapse.ca\/wp-content\/uploads\/2025\/11\/UniversalUpscaler_96334b15-8949-47d5-b08a-1798adfc51ad-min-300x110.jpg 300w, https:\/\/wpt.groupesynapse.ca\/wp-content\/uploads\/2025\/11\/UniversalUpscaler_96334b15-8949-47d5-b08a-1798adfc51ad-min-768x283.jpg 768w, https:\/\/wpt.groupesynapse.ca\/wp-content\/uploads\/2025\/11\/UniversalUpscaler_96334b15-8949-47d5-b08a-1798adfc51ad-min-1536x565.jpg 1536w, https:\/\/wpt.groupesynapse.ca\/wp-content\/uploads\/2025\/11\/UniversalUpscaler_96334b15-8949-47d5-b08a-1798adfc51ad-min-2048x754.jpg 2048w, https:\/\/wpt.groupesynapse.ca\/wp-content\/uploads\/2025\/11\/UniversalUpscaler_96334b15-8949-47d5-b08a-1798adfc51ad-min-18x7.jpg 18w, https:\/\/wpt.groupesynapse.ca\/wp-content\/uploads\/2025\/11\/UniversalUpscaler_96334b15-8949-47d5-b08a-1798adfc51ad-min-600x221.jpg 600w\" sizes=\"(max-width: 800px) 100vw, 800px\" \/>\t\t\t\t\t\t\t\t<\/a>\n\t\t\t\t\t\t\t\t\t\t\t\t\t\t\t<\/div>\n\t\t\t\t<\/div>\n\t\t<div class=\"elementor-element elementor-element-3501044 e-con-full e-flex e-con e-child\" data-id=\"3501044\" data-element_type=\"container\">\n\t\t\t\t<div class=\"elementor-element elementor-element-b873f5f elementor-widget__width-initial elementor-widget elementor-widget-heading\" data-id=\"b873f5f\" data-element_type=\"widget\" data-widget_type=\"heading.default\">\n\t\t\t\t<div class=\"elementor-widget-container\">\n\t\t\t\t\t<h5 class=\"elementor-heading-title elementor-size-default\"><a href=\"https:\/\/wpt.groupesynapse.ca\/fr\/category\/news\/\" rel=\"tag\">Blogue<\/a><\/h5>\t\t\t\t<\/div>\n\t\t\t\t<\/div>\n\t\t\t\t<div class=\"elementor-element elementor-element-d785576 elementor-widget elementor-widget-heading\" data-id=\"d785576\" data-element_type=\"widget\" data-widget_type=\"heading.default\">\n\t\t\t\t<div class=\"elementor-widget-container\">\n\t\t\t\t\t<h2 class=\"elementor-heading-title elementor-size-default\"><a href=\"https:\/\/wpt.groupesynapse.ca\/fr\/groupe-synapse-celebrates-30-years-of-excellence-in-promotional-solutions-in-quebec\/\">Groupe Synapse c\u00e9l\u00e8bre 30 ans d\u2019excellence en solutions promotionnelles au Qu\u00e9bec<\/a><\/h2>\t\t\t\t<\/div>\n\t\t\t\t<\/div>\n\t\t<div class=\"elementor-element elementor-element-d10d648 e-con-full e-flex e-con e-child\" data-id=\"d10d648\" data-element_type=\"container\">\n\t\t\t\t<div class=\"elementor-element elementor-element-ea91282 elementor-widget elementor-widget-heading\" data-id=\"ea91282\" data-element_type=\"widget\" data-widget_type=\"heading.default\">\n\t\t\t\t<div class=\"elementor-widget-container\">\n\t\t\t\t\t<h5 class=\"elementor-heading-title elementor-size-default\">novembre 12, 2025<\/h5>\t\t\t\t<\/div>\n\t\t\t\t<\/div>\n\t\t\t\t<\/div>\n\t\t\t\t<\/div>\n\t\t\t\t\t<\/div>\n\t\t\t\t<\/div>\n\t\t\t\t<\/div>\n\t\t\t\t<\/div>\n\t\t\n\t\t\t\t\t\t<\/div>\n\t\t\t\t<\/div>\n\t\t\t\t\t<\/div>\n\t\t\t\t<\/div>\n\t\t\t\t<\/div>","protected":false},"excerpt":{"rendered":"<p>Blogue<\/p>","protected":false},"author":1,"featured_media":0,"parent":0,"menu_order":0,"comment_status":"closed","ping_status":"closed","template":"","meta":{"footnotes":""},"class_list":["post-183","page","type-page","status-publish","hentry"],"yoast_head":"<!-- This site is optimized with the Yoast SEO plugin v26.7 - https:\/\/yoast.com\/wordpress\/plugins\/seo\/ -->\n<title>Blogue - Tendances et Conseils en Marketing Promotionnel<\/title>\n<meta name=\"description\" content=\"Restez \u00e0 l&#039;aff\u00fbt des derni\u00e8res tendances en marketing par l&#039;objet, des conseils pour vos campagnes promotionnelles et des nouveaut\u00e9s produits chez Groupe Synapse.\" \/>\n<meta name=\"robots\" content=\"noindex, follow, max-snippet:-1, max-image-preview:large, max-video-preview:-1\" \/>\n<meta property=\"og:locale\" content=\"fr_CA\" \/>\n<meta property=\"og:type\" content=\"article\" \/>\n<meta property=\"og:title\" content=\"Blogue - Tendances et Conseils en Marketing Promotionnel\" \/>\n<meta property=\"og:description\" content=\"Restez \u00e0 l&#039;aff\u00fbt des derni\u00e8res tendances en marketing par l&#039;objet, des conseils pour vos campagnes promotionnelles et des nouveaut\u00e9s produits chez Groupe Synapse.\" \/>\n<meta property=\"og:url\" content=\"https:\/\/wpt.groupesynapse.ca\/fr\/news\/\" \/>\n<meta property=\"og:site_name\" content=\"Groupe Synapse\" \/>\n<meta property=\"article:modified_time\" content=\"2025-11-11T07:00:54+00:00\" \/>\n<meta name=\"twitter:card\" content=\"summary_large_image\" \/>\n<meta name=\"twitter:label1\" content=\"Estimation du temps de lecture\" \/>\n\t<meta name=\"twitter:data1\" content=\"1 minute\" \/>\n<script type=\"application\/ld+json\" class=\"yoast-schema-graph\">{\"@context\":\"https:\/\/schema.org\",\"@graph\":[{\"@type\":\"WebPage\",\"@id\":\"https:\/\/wpt.groupesynapse.ca\/fr\/news\/\",\"url\":\"https:\/\/wpt.groupesynapse.ca\/fr\/news\/\",\"name\":\"Blogue - Tendances et Conseils en Marketing Promotionnel\",\"isPartOf\":{\"@id\":\"https:\/\/wpt.groupesynapse.ca\/fr\/#website\"},\"datePublished\":\"2025-06-27T11:25:26+00:00\",\"dateModified\":\"2025-11-11T07:00:54+00:00\",\"description\":\"Restez \u00e0 l'aff\u00fbt des derni\u00e8res tendances en marketing par l'objet, des conseils pour vos campagnes promotionnelles et des nouveaut\u00e9s produits chez Groupe Synapse.\",\"breadcrumb\":{\"@id\":\"https:\/\/wpt.groupesynapse.ca\/fr\/news\/#breadcrumb\"},\"inLanguage\":\"fr-CA\",\"potentialAction\":[{\"@type\":\"ReadAction\",\"target\":[\"https:\/\/wpt.groupesynapse.ca\/fr\/news\/\"]}]},{\"@type\":\"BreadcrumbList\",\"@id\":\"https:\/\/wpt.groupesynapse.ca\/fr\/news\/#breadcrumb\",\"itemListElement\":[{\"@type\":\"ListItem\",\"position\":1,\"name\":\"Home\",\"item\":\"https:\/\/wpt.groupesynapse.ca\/fr\/\"},{\"@type\":\"ListItem\",\"position\":2,\"name\":\"News\"}]},{\"@type\":\"WebSite\",\"@id\":\"https:\/\/wpt.groupesynapse.ca\/fr\/#website\",\"url\":\"https:\/\/wpt.groupesynapse.ca\/fr\/\",\"name\":\"Groupe Synapse\",\"description\":\"\",\"potentialAction\":[{\"@type\":\"SearchAction\",\"target\":{\"@type\":\"EntryPoint\",\"urlTemplate\":\"https:\/\/wpt.groupesynapse.ca\/fr\/?s={search_term_string}\"},\"query-input\":{\"@type\":\"PropertyValueSpecification\",\"valueRequired\":true,\"valueName\":\"search_term_string\"}}],\"inLanguage\":\"fr-CA\"}]}<\/script>\n<!-- \/ Yoast SEO plugin. -->","yoast_head_json":{"title":"Blogue - Tendances et Conseils en Marketing Promotionnel","description":"Restez \u00e0 l'aff\u00fbt des derni\u00e8res tendances en marketing par l'objet, des conseils pour vos campagnes promotionnelles et des nouveaut\u00e9s produits chez Groupe Synapse.","robots":{"index":"noindex","follow":"follow","max-snippet":"max-snippet:-1","max-image-preview":"max-image-preview:large","max-video-preview":"max-video-preview:-1"},"og_locale":"fr_CA","og_type":"article","og_title":"Blogue - Tendances et Conseils en Marketing Promotionnel","og_description":"Restez \u00e0 l'aff\u00fbt des derni\u00e8res tendances en marketing par l'objet, des conseils pour vos campagnes promotionnelles et des nouveaut\u00e9s produits chez Groupe Synapse.","og_url":"https:\/\/wpt.groupesynapse.ca\/fr\/news\/","og_site_name":"Groupe Synapse","article_modified_time":"2025-11-11T07:00:54+00:00","twitter_card":"summary_large_image","twitter_misc":{"Estimation du temps de lecture":"1 minute"},"schema":{"@context":"https:\/\/schema.org","@graph":[{"@type":"WebPage","@id":"https:\/\/wpt.groupesynapse.ca\/fr\/news\/","url":"https:\/\/wpt.groupesynapse.ca\/fr\/news\/","name":"Blogue - Tendances et Conseils en Marketing Promotionnel","isPartOf":{"@id":"https:\/\/wpt.groupesynapse.ca\/fr\/#website"},"datePublished":"2025-06-27T11:25:26+00:00","dateModified":"2025-11-11T07:00:54+00:00","description":"Restez \u00e0 l'aff\u00fbt des derni\u00e8res tendances en marketing par l'objet, des conseils pour vos campagnes promotionnelles et des nouveaut\u00e9s produits chez Groupe Synapse.","breadcrumb":{"@id":"https:\/\/wpt.groupesynapse.ca\/fr\/news\/#breadcrumb"},"inLanguage":"fr-CA","potentialAction":[{"@type":"ReadAction","target":["https:\/\/wpt.groupesynapse.ca\/fr\/news\/"]}]},{"@type":"BreadcrumbList","@id":"https:\/\/wpt.groupesynapse.ca\/fr\/news\/#breadcrumb","itemListElement":[{"@type":"ListItem","position":1,"name":"Home","item":"https:\/\/wpt.groupesynapse.ca\/fr\/"},{"@type":"ListItem","position":2,"name":"News"}]},{"@type":"WebSite","@id":"https:\/\/wpt.groupesynapse.ca\/fr\/#website","url":"https:\/\/wpt.groupesynapse.ca\/fr\/","name":"Groupe Synapse","description":"","potentialAction":[{"@type":"SearchAction","target":{"@type":"EntryPoint","urlTemplate":"https:\/\/wpt.groupesynapse.ca\/fr\/?s={search_term_string}"},"query-input":{"@type":"PropertyValueSpecification","valueRequired":true,"valueName":"search_term_string"}}],"inLanguage":"fr-CA"}]}},"_links":{"self":[{"href":"https:\/\/wpt.groupesynapse.ca\/fr\/wp-json\/wp\/v2\/pages\/183","targetHints":{"allow":["GET"]}}],"collection":[{"href":"https:\/\/wpt.groupesynapse.ca\/fr\/wp-json\/wp\/v2\/pages"}],"about":[{"href":"https:\/\/wpt.groupesynapse.ca\/fr\/wp-json\/wp\/v2\/types\/page"}],"author":[{"embeddable":true,"href":"https:\/\/wpt.groupesynapse.ca\/fr\/wp-json\/wp\/v2\/users\/1"}],"replies":[{"embeddable":true,"href":"https:\/\/wpt.groupesynapse.ca\/fr\/wp-json\/wp\/v2\/comments?post=183"}],"version-history":[{"count":59,"href":"https:\/\/wpt.groupesynapse.ca\/fr\/wp-json\/wp\/v2\/pages\/183\/revisions"}],"predecessor-version":[{"id":6700,"href":"https:\/\/wpt.groupesynapse.ca\/fr\/wp-json\/wp\/v2\/pages\/183\/revisions\/6700"}],"wp:attachment":[{"href":"https:\/\/wpt.groupesynapse.ca\/fr\/wp-json\/wp\/v2\/media?parent=183"}],"curies":[{"name":"wp","href":"https:\/\/api.w.org\/{rel}","templated":true}]}}